{"id":890,"date":"2025-10-05T19:21:24","date_gmt":"2025-10-05T23:21:24","guid":{"rendered":"https:\/\/mjz.7dd.myftpupload.com\/virtus\/"},"modified":"2025-10-13T17:13:59","modified_gmt":"2025-10-13T21:13:59","slug":"virtus","status":"publish","type":"page","link":"https:\/\/olglakewood.org\/pl\/virtus\/","title":{"rendered":"Virtus\u00ae"},"content":{"rendered":"<p>[et_pb_section fb_built=&#8221;1&#8243; _builder_version=&#8221;4.27.4&#8243; _module_preset=&#8221;default&#8221; background_image=&#8221;https:\/\/olglakewood.org\/wp-content\/uploads\/2025\/08\/news-page-hero-img.jpg&#8221; module_alignment=&#8221;center&#8221; min_height=&#8221;400px&#8221; height=&#8221;100%&#8221; custom_margin=&#8221;||||false|false&#8221; custom_padding=&#8221;||||false|false&#8221; hover_enabled=&#8221;0&#8243; global_colors_info=&#8221;{}&#8221; theme_builder_area=&#8221;post_content&#8221; title_text=&#8221;news-page-hero-img&#8221; sticky_enabled=&#8221;0&#8243;][et_pb_row use_custom_gutter=&#8221;on&#8221; gutter_width=&#8221;1&#8243; _builder_version=&#8221;4.27.4&#8243; _module_preset=&#8221;default&#8221; width=&#8221;100%&#8221; max_width=&#8221;100%&#8221; module_alignment=&#8221;center&#8221; custom_margin=&#8221;5em||5em||true|false&#8221; global_colors_info=&#8221;{}&#8221; theme_builder_area=&#8221;post_content&#8221;][et_pb_column type=&#8221;4_4&#8243; _builder_version=&#8221;4.27.4&#8243; _module_preset=&#8221;default&#8221; custom_css_main_element=&#8221;background-color: rgba(1, 28, 57, 0.8);||display: flex;||justify-content: center;||align-items: center;||padding-top: 15px;||padding-bottom: 8px;||&#8221; global_colors_info=&#8221;{}&#8221; theme_builder_area=&#8221;post_content&#8221;][et_pb_text _builder_version=&#8221;4.27.4&#8243; _module_preset=&#8221;default&#8221; header_font=&#8221;|&#8211;et_global_heading_font_weight|||||||&#8221; header_text_align=&#8221;center&#8221; header_text_color=&#8221;#FFFFFF&#8221; header_font_size=&#8221;3.13rem&#8221; hover_enabled=&#8221;0&#8243; global_colors_info=&#8221;{}&#8221; theme_builder_area=&#8221;post_content&#8221; sticky_enabled=&#8221;0&#8243;]<\/p>\n<h1>Virtus\u00ae<\/h1>\n<p>[\/et_pb_text][\/et_pb_column][\/et_pb_row][\/et_pb_section][et_pb_section fb_built=&#8221;1&#8243; theme_builder_area=&#8221;post_content&#8221; _builder_version=&#8221;4.27.4&#8243; _module_preset=&#8221;default&#8221;][et_pb_row _builder_version=&#8221;4.27.4&#8243; _module_preset=&#8221;default&#8221; theme_builder_area=&#8221;post_content&#8221;][et_pb_column _builder_version=&#8221;4.27.4&#8243; _module_preset=&#8221;default&#8221; type=&#8221;4_4&#8243; theme_builder_area=&#8221;post_content&#8221;][et_pb_image src=&#8221;https:\/\/olglakewood.org\/wp-content\/uploads\/2025\/10\/virtus-logo.gif&#8221; _builder_version=&#8221;4.27.4&#8243; _module_preset=&#8221;default&#8221; theme_builder_area=&#8221;post_content&#8221; alt=&#8221;Virtus\u00ae logo&#8221; title_text=&#8221;virtus-logo&#8221; align=&#8221;center&#8221; hover_enabled=&#8221;0&#8243; sticky_enabled=&#8221;0&#8243;][\/et_pb_image][et_pb_text _builder_version=&#8221;4.27.4&#8243; _module_preset=&#8221;default&#8221; theme_builder_area=&#8221;post_content&#8221; text_font_size=&#8221;1.38rem&#8221; text_line_height=&#8221;1.4em&#8221; hover_enabled=&#8221;0&#8243; sticky_enabled=&#8221;0&#8243;]<\/p>\n<p><span>VIRTUS\u00ae to program stworzony przez National Catholic Risk Retention Group w Stanach Zjednoczonych, kt\u00f3rego elementem jest \u201eOchrona dzieci Bo\u017cych\u201d, a kt\u00f3rego celem jest zwalczanie wykorzystywania seksualnego dzieci w Ko\u015bciele.<\/span><\/p>\n<p><span>Jednostka ds. Ochrony Dzieci i M\u0142odzie\u017cy wsp\u00f3\u0142pracuje z parafiami i szko\u0142ami w celu zapewnienia, \u017ce \u200b\u200bwszyscy pracownicy i wolontariusze maj\u0105cy regularny i sta\u0142y kontakt z dzie\u0107mi otrzymaj\u0105 odpowiednie szkolenie i b\u0119d\u0105 mieli aktualne za\u015bwiadczenia o niekaralno\u015bci.<\/span><\/p>\n<p><span>To szkolenie wyposa\u017ca naszych pracownik\u00f3w i wolontariuszy w narz\u0119dzia bezpiecze\u0144stwa, kt\u00f3rych b\u0119d\u0105 potrzebowa\u0107 w ka\u017cdym aspekcie \u017cycia. Pomagamy r\u00f3wnie\u017c parafiom i szko\u0142om we wdra\u017caniu i planowaniu szkole\u0144 VIRTUS zar\u00f3wno dla doros\u0142ych, jak i dla dzieci.<\/span><\/p>\n<p><span>Dzia\u0142 Ochrony Dzieci i M\u0142odzie\u017cy ma na celu stworzenie bezpiecznego \u015brodowiska dla dzieci i m\u0142odzie\u017cy w naszych parafiach i szko\u0142ach katolickich. Nasz\u0105 misj\u0105 jest pomoc parafiom i szko\u0142om w zrozumieniu i wdra\u017caniu Karty Ochrony Dzieci i M\u0142odzie\u017cy. Obejmuje to weryfikacj\u0119 przesz\u0142o\u015bci kryminalnej oraz programy certyfikacji szkoleniowej, kt\u00f3re zwi\u0119kszaj\u0105 bezpiecze\u0144stwo naszych dzieci.<\/span><\/p>\n<p><span>National Catholic Risk Retention Group, Inc. z przyjemno\u015bci\u0105 przedstawia kr\u00f3tkie wprowadzenie do naszego programu \u201eOchrona Dzieci Bo\u017cych\u201d. Niniejsza prezentacja \u201eFlash\u201d stanowi przyk\u0142ad informacji przekazywanych podczas naszych sesji u\u015bwiadamiaj\u0105cych na temat wykorzystywania seksualnego dzieci dla doros\u0142ych. Je\u015bli uczestniczy\u0142e\u015b\/a\u015b w sesji u\u015bwiadamiaj\u0105cej, ta prezentacja powt\u00f3rzy niekt\u00f3re informacje zawarte w dw\u00f3ch naszych filmach: \u201eCzas chroni\u0107 dzieci Bo\u017ce\u201d i \u201ePlan ochrony dzieci Bo\u017cych\u201d.<\/span><\/p>\n<p>[\/et_pb_text][\/et_pb_column][\/et_pb_row][et_pb_row _builder_version=&#8221;4.27.4&#8243; _module_preset=&#8221;default&#8221; theme_builder_area=&#8221;post_content&#8221; column_structure=&#8221;1_2,1_2&#8243; hover_enabled=&#8221;0&#8243; sticky_enabled=&#8221;0&#8243;][et_pb_column _builder_version=&#8221;4.27.4&#8243; _module_preset=&#8221;default&#8221; type=&#8221;1_2&#8243; theme_builder_area=&#8221;post_content&#8221;][et_pb_image src=&#8221;https:\/\/olglakewood.org\/wp-content\/uploads\/2025\/10\/unnamed_1.jpg&#8221; _builder_version=&#8221;4.27.4&#8243; _module_preset=&#8221;default&#8221; theme_builder_area=&#8221;post_content&#8221; alt=&#8221;M\u0119\u017cczyzna stoj\u0105cy i czytaj\u0105cy ulotk\u0119&#8221; title_text=&#8221;unnamed_1&#8243; hover_enabled=&#8221;0&#8243; sticky_enabled=&#8221;0&#8243;][\/et_pb_image][\/et_pb_column][et_pb_column _builder_version=&#8221;4.27.4&#8243; _module_preset=&#8221;default&#8221; type=&#8221;1_2&#8243; theme_builder_area=&#8221;post_content&#8221;][et_pb_image src=&#8221;https:\/\/olglakewood.org\/wp-content\/uploads\/2025\/10\/unnamed_2.jpg&#8221; _builder_version=&#8221;4.27.4&#8243; _module_preset=&#8221;default&#8221; theme_builder_area=&#8221;post_content&#8221; alt=&#8221;M\u0119\u017cczyzna stoj\u0105cy i czytaj\u0105cy ulotk\u0119&#8221; title_text=&#8221;unnamed_2&#8243; hover_enabled=&#8221;0&#8243; sticky_enabled=&#8221;0&#8243;][\/et_pb_image][et_pb_image src=&#8221;https:\/\/olglakewood.org\/wp-content\/uploads\/2025\/10\/unnamed.jpg&#8221; _builder_version=&#8221;4.27.4&#8243; _module_preset=&#8221;default&#8221; theme_builder_area=&#8221;post_content&#8221; alt=&#8221;Kobieta stoj\u0105ca i czytaj\u0105ca ulotk\u0119&#8221; title_text=&#8221;unnamed&#8221; hover_enabled=&#8221;0&#8243; sticky_enabled=&#8221;0&#8243; align=&#8221;center&#8221; custom_margin=&#8221;||||false|false&#8221; custom_padding=&#8221;3rem||||false|false&#8221;][\/et_pb_image][\/et_pb_column][\/et_pb_row][\/et_pb_section]<\/p>\n","protected":false},"excerpt":{"rendered":"<p>Virtus\u00aeVIRTUS\u00ae to program stworzony przez National Catholic Risk Retention Group w Stanach Zjednoczonych, kt\u00f3rego elementem jest \u201eOchrona dzieci Bo\u017cych\u201d, a kt\u00f3rego celem jest zwalczanie wykorzystywania seksualnego dzieci w Ko\u015bciele. Jednostka ds. Ochrony Dzieci i M\u0142odzie\u017cy wsp\u00f3\u0142pracuje z parafiami i szko\u0142ami w celu zapewnienia, \u017ce \u200b\u200bwszyscy pracownicy i wolontariusze maj\u0105cy regularny i sta\u0142y kontakt z dzie\u0107mi [&hellip;]<\/p>\n","protected":false},"author":2,"featured_media":0,"parent":0,"menu_order":0,"comment_status":"closed","ping_status":"closed","template":"","meta":{"_et_pb_use_builder":"on","_et_pb_old_content":"","_et_gb_content_width":"","footnotes":""},"class_list":["post-890","page","type-page","status-publish","hentry"],"yoast_head":"<!-- This site is optimized with the Yoast SEO plugin v27.4 - https:\/\/yoast.com\/product\/yoast-seo-wordpress\/ -->\n<title>Virtus\u00ae - Our Lady of Guadalupe Parish<\/title>\n<meta name=\"description\" content=\"Dowiedz si\u0119, w jaki spos\u00f3b Virtus\u00aeonline zapewnia kluczowe szkolenia w zakresie zwalczania przemocy wobec dzieci i promowania bezpiecze\u0144stwa w naszych spo\u0142eczno\u015bciach.\" \/>\n<meta name=\"robots\" content=\"index, follow, max-snippet:-1, max-image-preview:large, max-video-preview:-1\" \/>\n<link rel=\"canonical\" href=\"https:\/\/olglakewood.org\/pl\/virtus\/\" \/>\n<meta property=\"og:locale\" content=\"pl_PL\" \/>\n<meta property=\"og:type\" content=\"article\" \/>\n<meta property=\"og:title\" content=\"Virtus\u00ae - Our Lady of Guadalupe Parish\" \/>\n<meta property=\"og:description\" content=\"Dowiedz si\u0119, w jaki spos\u00f3b Virtus\u00aeonline zapewnia kluczowe szkolenia w zakresie zwalczania przemocy wobec dzieci i promowania bezpiecze\u0144stwa w naszych spo\u0142eczno\u015bciach.\" \/>\n<meta property=\"og:url\" content=\"https:\/\/olglakewood.org\/pl\/virtus\/\" \/>\n<meta property=\"og:site_name\" content=\"Our Lady of Guadalupe Parish\" \/>\n<meta property=\"article:publisher\" content=\"https:\/\/www.facebook.com\/ourladyofguadalupelakewood\" \/>\n<meta property=\"article:modified_time\" content=\"2025-10-13T21:13:59+00:00\" \/>\n<meta name=\"twitter:card\" content=\"summary_large_image\" \/>\n<meta name=\"twitter:site\" content=\"@OLGLakewoodNJ\" \/>\n<meta name=\"twitter:label1\" content=\"Szacowany czas czytania\" \/>\n\t<meta name=\"twitter:data1\" content=\"4 minuty\" \/>\n<script type=\"application\/ld+json\" class=\"yoast-schema-graph\">{\"@context\":\"https:\\\/\\\/schema.org\",\"@graph\":[{\"@type\":\"WebPage\",\"@id\":\"https:\\\/\\\/olglakewood.org\\\/pl\\\/virtus\\\/\",\"url\":\"https:\\\/\\\/olglakewood.org\\\/pl\\\/virtus\\\/\",\"name\":\"Virtus\u00ae - Our Lady of Guadalupe Parish\",\"isPartOf\":{\"@id\":\"https:\\\/\\\/olglakewood.org\\\/pl\\\/#website\"},\"datePublished\":\"2025-10-05T23:21:24+00:00\",\"dateModified\":\"2025-10-13T21:13:59+00:00\",\"description\":\"Dowiedz si\u0119, w jaki spos\u00f3b Virtus\u00aeonline zapewnia kluczowe szkolenia w zakresie zwalczania przemocy wobec dzieci i promowania bezpiecze\u0144stwa w naszych spo\u0142eczno\u015bciach.\",\"breadcrumb\":{\"@id\":\"https:\\\/\\\/olglakewood.org\\\/pl\\\/virtus\\\/#breadcrumb\"},\"inLanguage\":\"pl-PL\",\"potentialAction\":[{\"@type\":\"ReadAction\",\"target\":[\"https:\\\/\\\/olglakewood.org\\\/pl\\\/virtus\\\/\"]}]},{\"@type\":\"BreadcrumbList\",\"@id\":\"https:\\\/\\\/olglakewood.org\\\/pl\\\/virtus\\\/#breadcrumb\",\"itemListElement\":[{\"@type\":\"ListItem\",\"position\":1,\"name\":\"Home\",\"item\":\"https:\\\/\\\/olglakewood.org\\\/pl\\\/strona-glowna\\\/\"},{\"@type\":\"ListItem\",\"position\":2,\"name\":\"Virtus\u00ae\"}]},{\"@type\":\"WebSite\",\"@id\":\"https:\\\/\\\/olglakewood.org\\\/pl\\\/#website\",\"url\":\"https:\\\/\\\/olglakewood.org\\\/pl\\\/\",\"name\":\"Our Lady of Guadalupe Church\",\"description\":\"News and Information for Our Lady of Guadalupe Parish Community, Lakewood NJ\",\"publisher\":{\"@id\":\"https:\\\/\\\/olglakewood.org\\\/pl\\\/#organization\"},\"potentialAction\":[{\"@type\":\"SearchAction\",\"target\":{\"@type\":\"EntryPoint\",\"urlTemplate\":\"https:\\\/\\\/olglakewood.org\\\/pl\\\/?s={search_term_string}\"},\"query-input\":{\"@type\":\"PropertyValueSpecification\",\"valueRequired\":true,\"valueName\":\"search_term_string\"}}],\"inLanguage\":\"pl-PL\"},{\"@type\":\"Organization\",\"@id\":\"https:\\\/\\\/olglakewood.org\\\/pl\\\/#organization\",\"name\":\"Our Lady of Guadalupe Church\",\"url\":\"https:\\\/\\\/olglakewood.org\\\/pl\\\/\",\"logo\":{\"@type\":\"ImageObject\",\"inLanguage\":\"pl-PL\",\"@id\":\"https:\\\/\\\/olglakewood.org\\\/pl\\\/#\\\/schema\\\/logo\\\/image\\\/\",\"url\":\"https:\\\/\\\/olglakewood.org\\\/wp-content\\\/uploads\\\/2025\\\/08\\\/olg-website-logo.svg\",\"contentUrl\":\"https:\\\/\\\/olglakewood.org\\\/wp-content\\\/uploads\\\/2025\\\/08\\\/olg-website-logo.svg\",\"width\":1188,\"height\":649,\"caption\":\"Our Lady of Guadalupe Church\"},\"image\":{\"@id\":\"https:\\\/\\\/olglakewood.org\\\/pl\\\/#\\\/schema\\\/logo\\\/image\\\/\"},\"sameAs\":[\"https:\\\/\\\/www.facebook.com\\\/ourladyofguadalupelakewood\",\"https:\\\/\\\/x.com\\\/OLGLakewoodNJ\",\"https:\\\/\\\/www.youtube.com\\\/channel\\\/UC91Ne91E8dBCs-mhYYUoULw\\\/about\",\"https:\\\/\\\/www.instagram.com\\\/olglakewoodnj\\\/\"]}]}<\/script>\n<!-- \/ Yoast SEO plugin. -->","yoast_head_json":{"title":"Virtus\u00ae - Our Lady of Guadalupe Parish","description":"Dowiedz si\u0119, w jaki spos\u00f3b Virtus\u00aeonline zapewnia kluczowe szkolenia w zakresie zwalczania przemocy wobec dzieci i promowania bezpiecze\u0144stwa w naszych spo\u0142eczno\u015bciach.","robots":{"index":"index","follow":"follow","max-snippet":"max-snippet:-1","max-image-preview":"max-image-preview:large","max-video-preview":"max-video-preview:-1"},"canonical":"https:\/\/olglakewood.org\/pl\/virtus\/","og_locale":"pl_PL","og_type":"article","og_title":"Virtus\u00ae - Our Lady of Guadalupe Parish","og_description":"Dowiedz si\u0119, w jaki spos\u00f3b Virtus\u00aeonline zapewnia kluczowe szkolenia w zakresie zwalczania przemocy wobec dzieci i promowania bezpiecze\u0144stwa w naszych spo\u0142eczno\u015bciach.","og_url":"https:\/\/olglakewood.org\/pl\/virtus\/","og_site_name":"Our Lady of Guadalupe Parish","article_publisher":"https:\/\/www.facebook.com\/ourladyofguadalupelakewood","article_modified_time":"2025-10-13T21:13:59+00:00","twitter_card":"summary_large_image","twitter_site":"@OLGLakewoodNJ","twitter_misc":{"Szacowany czas czytania":"4 minuty"},"schema":{"@context":"https:\/\/schema.org","@graph":[{"@type":"WebPage","@id":"https:\/\/olglakewood.org\/pl\/virtus\/","url":"https:\/\/olglakewood.org\/pl\/virtus\/","name":"Virtus\u00ae - Our Lady of Guadalupe Parish","isPartOf":{"@id":"https:\/\/olglakewood.org\/pl\/#website"},"datePublished":"2025-10-05T23:21:24+00:00","dateModified":"2025-10-13T21:13:59+00:00","description":"Dowiedz si\u0119, w jaki spos\u00f3b Virtus\u00aeonline zapewnia kluczowe szkolenia w zakresie zwalczania przemocy wobec dzieci i promowania bezpiecze\u0144stwa w naszych spo\u0142eczno\u015bciach.","breadcrumb":{"@id":"https:\/\/olglakewood.org\/pl\/virtus\/#breadcrumb"},"inLanguage":"pl-PL","potentialAction":[{"@type":"ReadAction","target":["https:\/\/olglakewood.org\/pl\/virtus\/"]}]},{"@type":"BreadcrumbList","@id":"https:\/\/olglakewood.org\/pl\/virtus\/#breadcrumb","itemListElement":[{"@type":"ListItem","position":1,"name":"Home","item":"https:\/\/olglakewood.org\/pl\/strona-glowna\/"},{"@type":"ListItem","position":2,"name":"Virtus\u00ae"}]},{"@type":"WebSite","@id":"https:\/\/olglakewood.org\/pl\/#website","url":"https:\/\/olglakewood.org\/pl\/","name":"Our Lady of Guadalupe Church","description":"News and Information for Our Lady of Guadalupe Parish Community, Lakewood NJ","publisher":{"@id":"https:\/\/olglakewood.org\/pl\/#organization"},"potentialAction":[{"@type":"SearchAction","target":{"@type":"EntryPoint","urlTemplate":"https:\/\/olglakewood.org\/pl\/?s={search_term_string}"},"query-input":{"@type":"PropertyValueSpecification","valueRequired":true,"valueName":"search_term_string"}}],"inLanguage":"pl-PL"},{"@type":"Organization","@id":"https:\/\/olglakewood.org\/pl\/#organization","name":"Our Lady of Guadalupe Church","url":"https:\/\/olglakewood.org\/pl\/","logo":{"@type":"ImageObject","inLanguage":"pl-PL","@id":"https:\/\/olglakewood.org\/pl\/#\/schema\/logo\/image\/","url":"https:\/\/olglakewood.org\/wp-content\/uploads\/2025\/08\/olg-website-logo.svg","contentUrl":"https:\/\/olglakewood.org\/wp-content\/uploads\/2025\/08\/olg-website-logo.svg","width":1188,"height":649,"caption":"Our Lady of Guadalupe Church"},"image":{"@id":"https:\/\/olglakewood.org\/pl\/#\/schema\/logo\/image\/"},"sameAs":["https:\/\/www.facebook.com\/ourladyofguadalupelakewood","https:\/\/x.com\/OLGLakewoodNJ","https:\/\/www.youtube.com\/channel\/UC91Ne91E8dBCs-mhYYUoULw\/about","https:\/\/www.instagram.com\/olglakewoodnj\/"]}]}},"_links":{"self":[{"href":"https:\/\/olglakewood.org\/pl\/wp-json\/wp\/v2\/pages\/890","targetHints":{"allow":["GET"]}}],"collection":[{"href":"https:\/\/olglakewood.org\/pl\/wp-json\/wp\/v2\/pages"}],"about":[{"href":"https:\/\/olglakewood.org\/pl\/wp-json\/wp\/v2\/types\/page"}],"author":[{"embeddable":true,"href":"https:\/\/olglakewood.org\/pl\/wp-json\/wp\/v2\/users\/2"}],"replies":[{"embeddable":true,"href":"https:\/\/olglakewood.org\/pl\/wp-json\/wp\/v2\/comments?post=890"}],"version-history":[{"count":4,"href":"https:\/\/olglakewood.org\/pl\/wp-json\/wp\/v2\/pages\/890\/revisions"}],"predecessor-version":[{"id":1316,"href":"https:\/\/olglakewood.org\/pl\/wp-json\/wp\/v2\/pages\/890\/revisions\/1316"}],"wp:attachment":[{"href":"https:\/\/olglakewood.org\/pl\/wp-json\/wp\/v2\/media?parent=890"}],"curies":[{"name":"wp","href":"https:\/\/api.w.org\/{rel}","templated":true}]}}