{"id":897,"date":"2025-10-05T19:21:24","date_gmt":"2025-10-05T23:21:24","guid":{"rendered":"https:\/\/mjz.7dd.myftpupload.com\/virtus\/"},"modified":"2025-10-13T17:20:32","modified_gmt":"2025-10-13T21:20:32","slug":"virtus","status":"publish","type":"page","link":"https:\/\/olglakewood.org\/es\/virtus\/","title":{"rendered":"Virtus\u00ae"},"content":{"rendered":"<p>[et_pb_section fb_built=\u00bb1&#8243; _builder_version=\u00bb4.27.4&#8243; _module_preset=\u00bbdefault\u00bb background_image=\u00bbhttps:\/\/olglakewood.org\/wp-content\/uploads\/2025\/08\/news-page-hero-img.jpg\u00bb module_alignment=\u00bbcenter\u00bb min_height=\u00bb400px\u00bb height=\u00bb100%\u00bb custom_margin=\u00bb||||false|false\u00bb custom_padding=\u00bb||||false|false\u00bb hover_enabled=\u00bb0&#8243; global_colors_info=\u00bb{}\u00bb theme_builder_area=\u00bbpost_content\u00bb title_text=\u00bbnews-page-hero-img\u00bb sticky_enabled=\u00bb0&#8243;][et_pb_row use_custom_gutter=\u00bbon\u00bb gutter_width=\u00bb1&#8243; _builder_version=\u00bb4.27.4&#8243; _module_preset=\u00bbdefault\u00bb width=\u00bb100%\u00bb max_width=\u00bb100%\u00bb module_alignment=\u00bbcenter\u00bb custom_margin=\u00bb5em||5em||true|false\u00bb global_colors_info=\u00bb{}\u00bb theme_builder_area=\u00bbpost_content\u00bb][et_pb_column type=\u00bb4_4&#8243; _builder_version=\u00bb4.27.4&#8243; _module_preset=\u00bbdefault\u00bb custom_css_main_element=\u00bbbackground-color: rgba(1, 28, 57, 0.8);||display: flex;||justify-content: center;||align-items: center;||padding-top: 15px;||padding-bottom: 8px;||\u00bb global_colors_info=\u00bb{}\u00bb theme_builder_area=\u00bbpost_content\u00bb][et_pb_text _builder_version=\u00bb4.27.4&#8243; _module_preset=\u00bbdefault\u00bb header_font=\u00bb|&#8211;et_global_heading_font_weight|||||||\u00bb header_text_align=\u00bbcenter\u00bb header_text_color=\u00bb#FFFFFF\u00bb header_font_size=\u00bb3.13rem\u00bb hover_enabled=\u00bb0&#8243; global_colors_info=\u00bb{}\u00bb theme_builder_area=\u00bbpost_content\u00bb sticky_enabled=\u00bb0&#8243;]<\/p>\n<h1>Virtus\u00ae<\/h1>\n<p>[\/et_pb_text][\/et_pb_column][\/et_pb_row][\/et_pb_section][et_pb_section fb_built=\u00bb1&#8243; theme_builder_area=\u00bbpost_content\u00bb _builder_version=\u00bb4.27.4&#8243; _module_preset=\u00bbdefault\u00bb][et_pb_row _builder_version=\u00bb4.27.4&#8243; _module_preset=\u00bbdefault\u00bb theme_builder_area=\u00bbpost_content\u00bb][et_pb_column _builder_version=\u00bb4.27.4&#8243; _module_preset=\u00bbdefault\u00bb type=\u00bb4_4&#8243; theme_builder_area=\u00bbpost_content\u00bb][et_pb_image src=\u00bbhttps:\/\/olglakewood.org\/wp-content\/uploads\/2025\/10\/virtus-logo.gif\u00bb _builder_version=\u00bb4.27.4&#8243; _module_preset=\u00bbdefault\u00bb theme_builder_area=\u00bbpost_content\u00bb alt=\u00bbVirtus\u00ae logo\u00bb title_text=\u00bbvirtus-logo\u00bb align=\u00bbcenter\u00bb hover_enabled=\u00bb0&#8243; sticky_enabled=\u00bb0&#8243;][\/et_pb_image][et_pb_text _builder_version=\u00bb4.27.4&#8243; _module_preset=\u00bbdefault\u00bb theme_builder_area=\u00bbpost_content\u00bb text_font_size=\u00bb1.38rem\u00bb text_line_height=\u00bb1.4em\u00bb hover_enabled=\u00bb0&#8243; sticky_enabled=\u00bb0&#8243;]<\/p>\n<p><span>VIRTUS\u00ae es un programa creado por el Grupo Nacional Cat\u00f3lico de Retenci\u00f3n de Riesgos en Estados Unidos con un componente de \u201cProtegiendo a los Ni\u00f1os de Dios\u201d que combate el abuso sexual infantil en la Iglesia.<\/span><\/p>\n<p><span>La unidad de protecci\u00f3n infantil y juvenil trabaja con parroquias y escuelas para garantizar que todos los empleados y voluntarios que tienen contacto regular y constante con ni\u00f1os reciban la capacitaci\u00f3n adecuada y tengan verificaciones de antecedentes penales vigentes.<\/span><\/p>\n<p><span>Esta capacitaci\u00f3n proporciona a nuestros empleados y voluntarios las herramientas de seguridad necesarias para aplicarlas en todos los aspectos de su vida. Tambi\u00e9n ayudamos a parroquias y escuelas a implementar y programar programas de capacitaci\u00f3n VIRTUS para adultos y ni\u00f1os.<\/span><\/p>\n<p><span>La Unidad de Protecci\u00f3n Infantil y Juvenil se centra en crear entornos seguros para los ni\u00f1os y j\u00f3venes de nuestras parroquias y escuelas cat\u00f3licas. Nuestra misi\u00f3n es ayudar a las parroquias y escuelas a comprender e implementar la Carta para la Protecci\u00f3n de Ni\u00f1os y J\u00f3venes. Esto incluye la verificaci\u00f3n de antecedentes penales y programas de certificaci\u00f3n de capacitaci\u00f3n que promueven la seguridad de nuestros ni\u00f1os. This involves criminal background screenings and training certification programs that advance the safety of our children.<\/span><\/p>\n<p><span>El Grupo Cat\u00f3lico Nacional de Retenci\u00f3n de Riesgos, Inc., se complace en presentar una breve introducci\u00f3n a nuestro programa \u00abProtegiendo a los Ni\u00f1os de Dios\u00bb. Esta presentaci\u00f3n breve ejemplifica la informaci\u00f3n proporcionada en nuestras sesiones de concientizaci\u00f3n sobre el abuso sexual infantil para adultos. Si ya asisti\u00f3 a una sesi\u00f3n de concientizaci\u00f3n, esta presentaci\u00f3n repetir\u00e1 parte de la informaci\u00f3n presentada en nuestros dos videos de concientizaci\u00f3n: Un Tiempo para Proteger a los Ni\u00f1os de Dios y Un Plan para Proteger a los Ni\u00f1os de Dios.<\/span><\/p>\n<p>[\/et_pb_text][\/et_pb_column][\/et_pb_row][et_pb_row _builder_version=\u00bb4.27.4&#8243; _module_preset=\u00bbdefault\u00bb theme_builder_area=\u00bbpost_content\u00bb column_structure=\u00bb1_2,1_2&#8243; hover_enabled=\u00bb0&#8243; sticky_enabled=\u00bb0&#8243;][et_pb_column _builder_version=\u00bb4.27.4&#8243; _module_preset=\u00bbdefault\u00bb type=\u00bb1_2&#8243; theme_builder_area=\u00bbpost_content\u00bb][et_pb_image src=\u00bbhttps:\/\/olglakewood.org\/wp-content\/uploads\/2025\/10\/unnamed_1.jpg\u00bb _builder_version=\u00bb4.27.4&#8243; _module_preset=\u00bbdefault\u00bb theme_builder_area=\u00bbpost_content\u00bb alt=\u00bbHombre de pie leyendo un volante\u00bb title_text=\u00bbunnamed_1&#8243; hover_enabled=\u00bb0&#8243; sticky_enabled=\u00bb0&#8243;][\/et_pb_image][\/et_pb_column][et_pb_column _builder_version=\u00bb4.27.4&#8243; _module_preset=\u00bbdefault\u00bb type=\u00bb1_2&#8243; theme_builder_area=\u00bbpost_content\u00bb][et_pb_image src=\u00bbhttps:\/\/olglakewood.org\/wp-content\/uploads\/2025\/10\/unnamed_2.jpg\u00bb _builder_version=\u00bb4.27.4&#8243; _module_preset=\u00bbdefault\u00bb theme_builder_area=\u00bbpost_content\u00bb alt=\u00bbHombre de pie leyendo un volante\u00bb title_text=\u00bbunnamed_2&#8243; hover_enabled=\u00bb0&#8243; sticky_enabled=\u00bb0&#8243;][\/et_pb_image][et_pb_image src=\u00bbhttps:\/\/olglakewood.org\/wp-content\/uploads\/2025\/10\/unnamed.jpg\u00bb _builder_version=\u00bb4.27.4&#8243; _module_preset=\u00bbdefault\u00bb theme_builder_area=\u00bbpost_content\u00bb alt=\u00bbMujer de pie leyendo un volante\u00bb title_text=\u00bbunnamed\u00bb hover_enabled=\u00bb0&#8243; sticky_enabled=\u00bb0&#8243; align=\u00bbcenter\u00bb custom_margin=\u00bb||||false|false\u00bb custom_padding=\u00bb3rem||||false|false\u00bb][\/et_pb_image][\/et_pb_column][\/et_pb_row][\/et_pb_section]<\/p>\n","protected":false},"excerpt":{"rendered":"<p>Virtus\u00aeVIRTUS\u00ae es un programa creado por el Grupo Nacional Cat\u00f3lico de Retenci\u00f3n de Riesgos en Estados Unidos con un componente de \u201cProtegiendo a los Ni\u00f1os de Dios\u201d que combate el abuso sexual infantil en la Iglesia. La unidad de protecci\u00f3n infantil y juvenil trabaja con parroquias y escuelas para garantizar que todos los empleados y [&hellip;]<\/p>\n","protected":false},"author":2,"featured_media":0,"parent":0,"menu_order":0,"comment_status":"closed","ping_status":"closed","template":"","meta":{"_et_pb_use_builder":"on","_et_pb_old_content":"","_et_gb_content_width":"","footnotes":""},"class_list":["post-897","page","type-page","status-publish","hentry"],"yoast_head":"<!-- This site is optimized with the Yoast SEO plugin v27.4 - https:\/\/yoast.com\/product\/yoast-seo-wordpress\/ -->\n<title>Virtus\u00ae - Our Lady of Guadalupe Parish<\/title>\n<meta name=\"description\" content=\"Descubra c\u00f3mo Virtus\u00aeonline ofrece capacitaci\u00f3n crucial para combatir el abuso infantil y promover la seguridad en nuestras comunidades.\" \/>\n<meta name=\"robots\" content=\"index, follow, max-snippet:-1, max-image-preview:large, max-video-preview:-1\" \/>\n<link rel=\"canonical\" href=\"https:\/\/olglakewood.org\/es\/virtus\/\" \/>\n<meta property=\"og:locale\" content=\"es_ES\" \/>\n<meta property=\"og:type\" content=\"article\" \/>\n<meta property=\"og:title\" content=\"Virtus\u00ae - Our Lady of Guadalupe Parish\" \/>\n<meta property=\"og:description\" content=\"Descubra c\u00f3mo Virtus\u00aeonline ofrece capacitaci\u00f3n crucial para combatir el abuso infantil y promover la seguridad en nuestras comunidades.\" \/>\n<meta property=\"og:url\" content=\"https:\/\/olglakewood.org\/es\/virtus\/\" \/>\n<meta property=\"og:site_name\" content=\"Our Lady of Guadalupe Parish\" \/>\n<meta property=\"article:publisher\" content=\"https:\/\/www.facebook.com\/ourladyofguadalupelakewood\" \/>\n<meta property=\"article:modified_time\" content=\"2025-10-13T21:20:32+00:00\" \/>\n<meta name=\"twitter:card\" content=\"summary_large_image\" \/>\n<meta name=\"twitter:site\" content=\"@OLGLakewoodNJ\" \/>\n<meta name=\"twitter:label1\" content=\"Tiempo de lectura\" \/>\n\t<meta name=\"twitter:data1\" content=\"4 minutos\" \/>\n<script type=\"application\/ld+json\" class=\"yoast-schema-graph\">{\"@context\":\"https:\\\/\\\/schema.org\",\"@graph\":[{\"@type\":\"WebPage\",\"@id\":\"https:\\\/\\\/olglakewood.org\\\/es\\\/virtus\\\/\",\"url\":\"https:\\\/\\\/olglakewood.org\\\/es\\\/virtus\\\/\",\"name\":\"Virtus\u00ae - Our Lady of Guadalupe Parish\",\"isPartOf\":{\"@id\":\"https:\\\/\\\/olglakewood.org\\\/es\\\/#website\"},\"datePublished\":\"2025-10-05T23:21:24+00:00\",\"dateModified\":\"2025-10-13T21:20:32+00:00\",\"description\":\"Descubra c\u00f3mo Virtus\u00aeonline ofrece capacitaci\u00f3n crucial para combatir el abuso infantil y promover la seguridad en nuestras comunidades.\",\"breadcrumb\":{\"@id\":\"https:\\\/\\\/olglakewood.org\\\/es\\\/virtus\\\/#breadcrumb\"},\"inLanguage\":\"es\",\"potentialAction\":[{\"@type\":\"ReadAction\",\"target\":[\"https:\\\/\\\/olglakewood.org\\\/es\\\/virtus\\\/\"]}]},{\"@type\":\"BreadcrumbList\",\"@id\":\"https:\\\/\\\/olglakewood.org\\\/es\\\/virtus\\\/#breadcrumb\",\"itemListElement\":[{\"@type\":\"ListItem\",\"position\":1,\"name\":\"Home\",\"item\":\"https:\\\/\\\/olglakewood.org\\\/es\\\/inicio\\\/\"},{\"@type\":\"ListItem\",\"position\":2,\"name\":\"Virtus\u00ae\"}]},{\"@type\":\"WebSite\",\"@id\":\"https:\\\/\\\/olglakewood.org\\\/es\\\/#website\",\"url\":\"https:\\\/\\\/olglakewood.org\\\/es\\\/\",\"name\":\"Our Lady of Guadalupe Church\",\"description\":\"News and Information for Our Lady of Guadalupe Parish Community, Lakewood NJ\",\"publisher\":{\"@id\":\"https:\\\/\\\/olglakewood.org\\\/es\\\/#organization\"},\"potentialAction\":[{\"@type\":\"SearchAction\",\"target\":{\"@type\":\"EntryPoint\",\"urlTemplate\":\"https:\\\/\\\/olglakewood.org\\\/es\\\/?s={search_term_string}\"},\"query-input\":{\"@type\":\"PropertyValueSpecification\",\"valueRequired\":true,\"valueName\":\"search_term_string\"}}],\"inLanguage\":\"es\"},{\"@type\":\"Organization\",\"@id\":\"https:\\\/\\\/olglakewood.org\\\/es\\\/#organization\",\"name\":\"Our Lady of Guadalupe Church\",\"url\":\"https:\\\/\\\/olglakewood.org\\\/es\\\/\",\"logo\":{\"@type\":\"ImageObject\",\"inLanguage\":\"es\",\"@id\":\"https:\\\/\\\/olglakewood.org\\\/es\\\/#\\\/schema\\\/logo\\\/image\\\/\",\"url\":\"https:\\\/\\\/olglakewood.org\\\/wp-content\\\/uploads\\\/2025\\\/08\\\/olg-website-logo.svg\",\"contentUrl\":\"https:\\\/\\\/olglakewood.org\\\/wp-content\\\/uploads\\\/2025\\\/08\\\/olg-website-logo.svg\",\"width\":1188,\"height\":649,\"caption\":\"Our Lady of Guadalupe Church\"},\"image\":{\"@id\":\"https:\\\/\\\/olglakewood.org\\\/es\\\/#\\\/schema\\\/logo\\\/image\\\/\"},\"sameAs\":[\"https:\\\/\\\/www.facebook.com\\\/ourladyofguadalupelakewood\",\"https:\\\/\\\/x.com\\\/OLGLakewoodNJ\",\"https:\\\/\\\/www.youtube.com\\\/channel\\\/UC91Ne91E8dBCs-mhYYUoULw\\\/about\",\"https:\\\/\\\/www.instagram.com\\\/olglakewoodnj\\\/\"]}]}<\/script>\n<!-- \/ Yoast SEO plugin. -->","yoast_head_json":{"title":"Virtus\u00ae - Our Lady of Guadalupe Parish","description":"Descubra c\u00f3mo Virtus\u00aeonline ofrece capacitaci\u00f3n crucial para combatir el abuso infantil y promover la seguridad en nuestras comunidades.","robots":{"index":"index","follow":"follow","max-snippet":"max-snippet:-1","max-image-preview":"max-image-preview:large","max-video-preview":"max-video-preview:-1"},"canonical":"https:\/\/olglakewood.org\/es\/virtus\/","og_locale":"es_ES","og_type":"article","og_title":"Virtus\u00ae - Our Lady of Guadalupe Parish","og_description":"Descubra c\u00f3mo Virtus\u00aeonline ofrece capacitaci\u00f3n crucial para combatir el abuso infantil y promover la seguridad en nuestras comunidades.","og_url":"https:\/\/olglakewood.org\/es\/virtus\/","og_site_name":"Our Lady of Guadalupe Parish","article_publisher":"https:\/\/www.facebook.com\/ourladyofguadalupelakewood","article_modified_time":"2025-10-13T21:20:32+00:00","twitter_card":"summary_large_image","twitter_site":"@OLGLakewoodNJ","twitter_misc":{"Tiempo de lectura":"4 minutos"},"schema":{"@context":"https:\/\/schema.org","@graph":[{"@type":"WebPage","@id":"https:\/\/olglakewood.org\/es\/virtus\/","url":"https:\/\/olglakewood.org\/es\/virtus\/","name":"Virtus\u00ae - Our Lady of Guadalupe Parish","isPartOf":{"@id":"https:\/\/olglakewood.org\/es\/#website"},"datePublished":"2025-10-05T23:21:24+00:00","dateModified":"2025-10-13T21:20:32+00:00","description":"Descubra c\u00f3mo Virtus\u00aeonline ofrece capacitaci\u00f3n crucial para combatir el abuso infantil y promover la seguridad en nuestras comunidades.","breadcrumb":{"@id":"https:\/\/olglakewood.org\/es\/virtus\/#breadcrumb"},"inLanguage":"es","potentialAction":[{"@type":"ReadAction","target":["https:\/\/olglakewood.org\/es\/virtus\/"]}]},{"@type":"BreadcrumbList","@id":"https:\/\/olglakewood.org\/es\/virtus\/#breadcrumb","itemListElement":[{"@type":"ListItem","position":1,"name":"Home","item":"https:\/\/olglakewood.org\/es\/inicio\/"},{"@type":"ListItem","position":2,"name":"Virtus\u00ae"}]},{"@type":"WebSite","@id":"https:\/\/olglakewood.org\/es\/#website","url":"https:\/\/olglakewood.org\/es\/","name":"Our Lady of Guadalupe Church","description":"News and Information for Our Lady of Guadalupe Parish Community, Lakewood NJ","publisher":{"@id":"https:\/\/olglakewood.org\/es\/#organization"},"potentialAction":[{"@type":"SearchAction","target":{"@type":"EntryPoint","urlTemplate":"https:\/\/olglakewood.org\/es\/?s={search_term_string}"},"query-input":{"@type":"PropertyValueSpecification","valueRequired":true,"valueName":"search_term_string"}}],"inLanguage":"es"},{"@type":"Organization","@id":"https:\/\/olglakewood.org\/es\/#organization","name":"Our Lady of Guadalupe Church","url":"https:\/\/olglakewood.org\/es\/","logo":{"@type":"ImageObject","inLanguage":"es","@id":"https:\/\/olglakewood.org\/es\/#\/schema\/logo\/image\/","url":"https:\/\/olglakewood.org\/wp-content\/uploads\/2025\/08\/olg-website-logo.svg","contentUrl":"https:\/\/olglakewood.org\/wp-content\/uploads\/2025\/08\/olg-website-logo.svg","width":1188,"height":649,"caption":"Our Lady of Guadalupe Church"},"image":{"@id":"https:\/\/olglakewood.org\/es\/#\/schema\/logo\/image\/"},"sameAs":["https:\/\/www.facebook.com\/ourladyofguadalupelakewood","https:\/\/x.com\/OLGLakewoodNJ","https:\/\/www.youtube.com\/channel\/UC91Ne91E8dBCs-mhYYUoULw\/about","https:\/\/www.instagram.com\/olglakewoodnj\/"]}]}},"_links":{"self":[{"href":"https:\/\/olglakewood.org\/es\/wp-json\/wp\/v2\/pages\/897","targetHints":{"allow":["GET"]}}],"collection":[{"href":"https:\/\/olglakewood.org\/es\/wp-json\/wp\/v2\/pages"}],"about":[{"href":"https:\/\/olglakewood.org\/es\/wp-json\/wp\/v2\/types\/page"}],"author":[{"embeddable":true,"href":"https:\/\/olglakewood.org\/es\/wp-json\/wp\/v2\/users\/2"}],"replies":[{"embeddable":true,"href":"https:\/\/olglakewood.org\/es\/wp-json\/wp\/v2\/comments?post=897"}],"version-history":[{"count":4,"href":"https:\/\/olglakewood.org\/es\/wp-json\/wp\/v2\/pages\/897\/revisions"}],"predecessor-version":[{"id":1322,"href":"https:\/\/olglakewood.org\/es\/wp-json\/wp\/v2\/pages\/897\/revisions\/1322"}],"wp:attachment":[{"href":"https:\/\/olglakewood.org\/es\/wp-json\/wp\/v2\/media?parent=897"}],"curies":[{"name":"wp","href":"https:\/\/api.w.org\/{rel}","templated":true}]}}